{"id":13535,"date":"2023-01-29T16:51:20","date_gmt":"2023-01-29T16:51:20","guid":{"rendered":"https:\/\/www.clchc.org\/?page_id=13535"},"modified":"2024-03-01T19:16:03","modified_gmt":"2024-03-01T19:16:03","slug":"testimonials","status":"publish","type":"page","link":"https:\/\/www.clchc.org\/es\/more\/testimonials\/","title":{"rendered":"Testimonios"},"content":{"rendered":"<section class=\"wpb-content-wrapper\"><section id=\"pix_section_intro\" data-vc-full-width=\"true\" data-vc-full-width-init=\"false\" class=\"vc_section vc_section_visible pix-intro-1 vc_custom_1675296380888 vc_section-has-fill vc_section-o-content-middle vc_section-flex bg-gradient-primary\" data-section-name=\"\"><div class=\"fullpage-container\"><div class=\"pix-intro-img jarallax\" data-jarallax data-speed=\"0.8\"><img decoding=\"async\" loading=\"lazy\" class=\"jarallax-img pix-opacity-2\"  src=\"https:\/\/www.clchc.org\/wp-content\/uploads\/2023\/01\/CareResource-1440-1-1-scaled.jpg\" alt=\"\" \/><\/div><\/div><div class=\"pix-divider pix-bottom-divider\" data-style=\"style-dynamic\" style=\"bottom:-1px;\"><div class=\"pix-dividers-box\" >\n                    <svg class=\"pix-shape-dividers\"  viewbox=\"0 0 100 100\" preserveaspectratio=\"none\">\n                        <defs><lineargradient id=\"divider-pix_section_intro-bottom-overlay-color-0\" x1=\"0%\" y1=\"0%\" x2=\"100%\" y2=\"0%\"><stop offset=\"0%\"   stop-color=\"rgba(255,255,255,0.5)\"\/><stop offset=\"100%\"   stop-color=\"rgba(255,255,255,0.01)\"\/><\/lineargradient><lineargradient id=\"divider-pix_section_intro-bottom-overlay-color-1\" x1=\"0%\" y1=\"0%\" x2=\"100%\" y2=\"0%\"><stop offset=\"0%\"   stop-color=\"rgba(255,255,255,0.01)\"\/><stop offset=\"100%\"   stop-color=\"rgba(255,255,255,0.45)\"\/><\/lineargradient><\/defs><path d=\"\" class=\"\" fill=\"url(#divider-pix_section_intro-bottom-overlay-color-0)\"><\/path><path d=\"\" class=\"\" fill=\"url(#divider-pix_section_intro-bottom-overlay-color-1)\"><\/path><path d=\"\" class=\"\" fill=\"#f8f9fa\"><\/path>\n                    <\/svg>\n                <\/div><\/div><div class=\"vc_row wpb_row vc_row-fluid vc_row_visible vc_custom_1675296255878\"><div class=\"wpb_column vc_column_container vc_col-sm-12 text-center\"><div class=\"vc_column-inner  vc_custom_1591253096968\"><div class=\"wpb_wrapper\"><div id=\"el1674754285622-db3d3eb5-03cd\" class=\"mb-3 text-center  vc_custom_1687465875174\"><div class=\"d-inline-block\" style=\"max-width:700px;\"><h1 class=\"mb-32 pix-sliding-headline-2 animate-in font-weight-bold secondary-font\" data-anim-type=\"pix-sliding-text\" pix-anim-delay=\"500\" data-class=\"secondary-font text-white\" style=\"\"><span class=\"slide-in-container\"><span class=\"pix-sliding-item secondary-font text-white\" style=\"transition-delay: 0ms;\">Testimonios<\/span><\/span> <span class=\"slide-in-container\"><span class=\"pix-sliding-item secondary-font text-white\" style=\"transition-delay: 150ms;\">de Pacientes<\/span><\/span> <\/h1><\/div><\/div><\/div><\/div><\/div><\/div><\/section><div class=\"vc_row-full-width vc_clearfix\"><\/div><section data-vc-full-width=\"true\" data-vc-full-width-init=\"false\" class=\"vc_section testimonial-page vc_section_visible vc_custom_1675296609872 vc_section-has-fill\" data-section-name=\"\"><div data-vc-full-width=\"true\" data-vc-full-width-init=\"false\" class=\"vc_row wpb_row vc_row-fluid vc_row_visible vc_custom_1592393414962\"><div class=\"wpb_column vc_column_container vc_col-sm-12 text-center\"><div class=\"vc_column-inner\"><div class=\"wpb_wrapper\"><div id=\"duo-icon-60651082\" class=\"pix-icon text-center\"><div class=\"rounded-circle d-inline-block2 d-inline-flex align-items-center justify-content-center line-height-0 bg-gradient-primary-light animate-in\" data-anim-type=\"fade-in-up\" data-anim-delay=\"0\" style=\" width:86.4px;height:86.4px;position:relative;text-align:center;\"><div class=\"text-gradient-primary\" style=\"display:inline-block;width:48px;height:48px;;font-size:48px;\"><svg width=\"100%\" height=\"100%\" viewbox=\"0 0 24 24\" version=\"1.1\" xmlns=\"http:\/\/www.w3.org\/2000\/svg\" xmlns:xlink=\"http:\/\/www.w3.org\/1999\/xlink\"> <defs><\/defs> <g stroke=\"none\" stroke-width=\"1\" fill=\"none\" fill-rule=\"evenodd\"> <path d=\"M8,3 L8,3.5 C8,4.32842712 8.67157288,5 9.5,5 L14.5,5 C15.3284271,5 16,4.32842712 16,3.5 L16,3 L18,3 C19.1045695,3 20,3.8954305 20,5 L20,21 C20,22.1045695 19.1045695,23 18,23 L6,23 C4.8954305,23 4,22.1045695 4,21 L4,5 C4,3.8954305 4.8954305,3 6,3 L8,3 Z\" fill=\"#000000\" opacity=\"0.3\"><\/path> <path d=\"M11,2 C11,1.44771525 11.4477153,1 12,1 C12.5522847,1 13,1.44771525 13,2 L14.5,2 C14.7761424,2 15,2.22385763 15,2.5 L15,3.5 C15,3.77614237 14.7761424,4 14.5,4 L9.5,4 C9.22385763,4 9,3.77614237 9,3.5 L9,2.5 C9,2.22385763 9.22385763,2 9.5,2 L11,2 Z\" fill=\"#000000\"><\/path> <rect fill=\"#000000\" opacity=\"0.3\" x=\"10\" y=\"9\" width=\"7\" height=\"2\" rx=\"1\"><\/rect> <rect fill=\"#000000\" opacity=\"0.3\" x=\"7\" y=\"9\" width=\"2\" height=\"2\" rx=\"1\"><\/rect> <rect fill=\"#000000\" opacity=\"0.3\" x=\"7\" y=\"13\" width=\"2\" height=\"2\" rx=\"1\"><\/rect> <rect fill=\"#000000\" opacity=\"0.3\" x=\"10\" y=\"13\" width=\"7\" height=\"2\" rx=\"1\"><\/rect> <rect fill=\"#000000\" opacity=\"0.3\" x=\"7\" y=\"17\" width=\"2\" height=\"2\" rx=\"1\"><\/rect> <rect fill=\"#000000\" opacity=\"0.3\" x=\"10\" y=\"17\" width=\"7\" height=\"2\" rx=\"1\"><\/rect> <\/g> <\/svg><\/div><\/div><\/div><\/div><\/div><\/div><\/div><div class=\"vc_row-full-width vc_clearfix\"><\/div><div data-vc-full-width=\"true\" data-vc-full-width-init=\"false\" class=\"vc_row wpb_row vc_row-fluid vc_row_visible vc_custom_1592393414962\"><div class=\"wpb_column vc_column_container vc_col-sm-8 text-center\"><div class=\"vc_column-inner\"><div class=\"wpb_wrapper\"><div class=\"pix-content-box card      vc_custom_1687463982657    rounded-10 shadow shadow-hover fly-sm animate-in bg-white w-100\"  data-anim-type=\"fade-in-up\" data-anim-delay=\"200\"><div class=\"\" style=\"z-index:30;position:relative;\"><div class=\"card pix-p-10 rounded-10\"><div class=\"card-body\"><p class=\"card-text  text-body-default text-18\" >Guerra... Ocurri\u00f3 muy de repente. Escuchamos los ecos de las explosiones en la noche de 2014 cuando hubo conflicto en la regi\u00f3n de Donetsk, pero pensamos que estaba lejos y que no nos alcanzar\u00eda ya que sucedi\u00f3 m\u00e1s cerca de las fronteras. Todav\u00eda es dif\u00edcil comprender que esto pueda suceder con una naci\u00f3n hermana con la que compartimos tanto y donde tenemos una hija viviendo en Mosc\u00fa. Escuchamos la noticia como sucedi\u00f3 en febrero de 2022. Mi hija y mi familia nos contactaron de inmediato que ten\u00edamos que evacuar. \u00bfC\u00f3mo podemos evacuar? Ten\u00edamos una casa de ladrillo de 2 pisos con 6 habitaciones en el centro de la ciudad y operamos un caf\u00e9 local que era popular por su men\u00fa. Los copropietarios eran de otras partes de habla rusa de Europa y la regi\u00f3n del C\u00e1ucaso; Hicimos que todos visitaran nuestro caf\u00e9, sin importar de d\u00f3nde fueran. Fueron veinticuatro d\u00edas muy dif\u00edciles desde el momento en que se anunci\u00f3 hasta el momento en que llegamos a los Estados Unidos. \u00bfRealmente ten\u00edamos que irnos? En los primeros d\u00edas, cuando nos quedamos sin electricidad y gas, tuvimos que improvisar para mantenernos calientes. Hubo d\u00edas en los que hac\u00eda -10 grados cent\u00edgrados, recogimos algunos ladrillos que quedaban afuera, construimos un peque\u00f1o hoyo y usamos la madera del piso de parquet para le\u00f1a. El bombardeo y los bombardeos continuaron durante las noches, no dormimos, nos metimos en refugios antia\u00e9reos improvisados \u200b\u200by permanecimos all\u00ed hasta que nos dijeron que sali\u00e9ramos. Nos mantuvimos valientes ya que todo puede terminar en cualquier momento, pero ten\u00edamos mucho miedo por nuestros nietos y los ni\u00f1os peque\u00f1os que nos rodeaban. Cuando tuvimos la oportunidad de ir a revisar nuestro caf\u00e9, encontramos que los merodeadores quitaron todo el material met\u00e1lico y el cableado de cobre de las paredes, el techo y la iluminaci\u00f3n. Todo el trabajo que pusimos y todo el dinero que invertimos en este lugar, fue triste de ver. Comprendimos que era hora de partir y nos unimos a los que esperaban que los convoyes partieran hacia el pr\u00f3ximo punto seguro en Zaporizhzhia y Vinnytsia. Esto llev\u00f3 alrededor de 9 d\u00edas de viaje, ya que los convoyes se deten\u00edan a lo largo de la carretera para buscar minas, eliminar las minas vivas ocultas y luego colocar otras nuevas detr\u00e1s de nosotros para protegernos de las tropas rusas que pudieran estar sigui\u00e9ndonos. Hubo largos per\u00edodos de espera en climas fr\u00edos, de pie sin ning\u00fan lugar donde sentarse, algunas personas se quedaron sin paciencia y se hicieron cargo de los asuntos del viaje. Una joven que se fue con su hijo peque\u00f1o temprano en la ma\u00f1ana fue vista m\u00e1s tarde en el camino, volada por una de las minas ocultas. Fue un viaje largo, llegar a Polonia fue un gran alivio. Fue un gran efecto en nuestra salud f\u00edsica ya que no descansamos, est\u00e1bamos estresados, no sab\u00edamos lo que segu\u00eda. Ahora que estamos aqu\u00ed, hubo muchas noches que no pudimos dormir. Ten\u00edamos una casa de 6 habitaciones, est\u00e1bamos bien... Aqu\u00ed nos qued\u00e1bamos en habitaciones con la familia, esto tuvo un gran efecto en nuestro bienestar mental. Noches de insomnio, despertar llorando de sue\u00f1os, sue\u00f1os sobre nuestro hogar, nuestra hermosa casa de ladrillos que am\u00e1bamos y la vida que ten\u00edamos. Ahora se ha ido. Somos muy afortunados y estamos agradecidos con nuestra hija y con el hermano de mi esposo `{`\u2026`}` quienes nos ayudaron con peque\u00f1as cosas como t\u00e9 para mantenernos calientes mientras esper\u00e1bamos en el fr\u00edo a que limpiaran las minas. La familia polaca que nos ayud\u00f3 a cobijarnos cuando cruzamos la frontera. Por los recursos que nos brindaron: por Sergey (Fundador y CEO) para ayudarnos con el alojamiento, el personal y Brenda Nolen, que es una excelente proveedora de atenci\u00f3n. Sergey y Brenda han sido un sistema de apoyo especialmente \u00fatil. No sab\u00edamos que pod\u00edamos recibir ayuda con nuestro plan para obtener servicios de transporte. Sergey nos ayud\u00f3 a comprender los recursos disponibles con nuestro Medi-Cal, lo cual fue bueno saberlo: ahorramos mucho dinero en cada sentido. Sergey es una persona incre\u00edble; una vez se qued\u00f3 con nosotros durante unas DOS HORAS asegur\u00e1ndose de que entendi\u00e9ramos todo y tuvi\u00e9ramos todo lo que necesit\u00e1bamos durante nuestra visita. Estaba tan comprometido a ayudarnos. Realmente apreciamos la paciencia con las traducciones. Todos son amables, complacientes y se preocupan por nosotros cuando estamos aqu\u00ed para una cita. Somos afortunados de tener tanta ayuda y gente dispuesta.<\/p><div class=\"d-flex\"><span class=\"align-self-center pix-circle pix-bg-custom bg-gradient-primary circle-48 animate-in shadow-sm\"  data-anim-type=\"fade-in-left\" data-anim-delay=\"200\"><img decoding=\"async\" src=\"https:\/\/essentials.pixfort.com\/restaurant\/wp-content\/uploads\/sites\/17\/2020\/06\/thumbnail-person-2.jpg\" class=\"rounded-circle\" alt=\"\" \/><\/span><div class=\"align-self-center\"><h6 class=\"card-title mb-0 pix-mx-20 font-weight-bold text-heading-default\" >Familia de Refugiados Ucranianos<\/h6><div class=\"card-title  mb-0 pix-mx-20 font-weight-bold text-body-default\" >Enero 2023<\/div><\/div><\/div><\/div><\/div><\/div><\/div><\/div><\/div><\/div><div class=\"wpb_column vc_column_container vc_col-sm-4 text-left\"><div class=\"vc_column-inner\"><div class=\"wpb_wrapper\"><div class=\"pix-content-box card      vc_custom_1709160569357    rounded-10 shadow shadow-hover fly-sm animate-in bg-white w-100\"  data-anim-type=\"fade-in-up\" data-anim-delay=\"200\"><div class=\"\" style=\"z-index:30;position:relative;\"><div class=\"card pix-p-10 rounded-10\"><div class=\"card-body\"><p class=\"card-text  text-body-default text-18\" >My doctor was very professional, personable, informative, and sincerely cared about my condition. The nurses were very helpful in getting me into my appointment in a timely manner. Thank you Celebrating Life!<\/p><div class=\"d-flex\"><span class=\"align-self-center pix-circle pix-bg-custom bg-gradient-primary circle-48 animate-in shadow-sm\"  data-anim-type=\"fade-in-left\" data-anim-delay=\"200\"><img decoding=\"async\" src=\"https:\/\/essentials.pixfort.com\/restaurant\/wp-content\/uploads\/sites\/17\/2020\/06\/thumbnail-person-2.jpg\" class=\"rounded-circle\" alt=\"\" \/><\/span><div class=\"align-self-center\"><div class=\"card-title  mb-0 pix-mx-20 font-weight-bold text-body-default\" >Feb 2024<\/div><\/div><\/div><\/div><\/div><\/div><\/div><div class=\"pix-content-box card      vc_custom_1709160690486    rounded-10 shadow shadow-hover fly-sm animate-in bg-white w-100\"  data-anim-type=\"fade-in-up\" data-anim-delay=\"200\"><div class=\"\" style=\"z-index:30;position:relative;\"><div class=\"card pix-p-10 rounded-10\"><div class=\"card-body\"><p class=\"card-text  text-body-default text-18\" >My kids, wife, and myself love your staff. They're the most friendly and efficient doctors and staff - you couldn't ask for any better. Thank you to the team in Costa Mesa. You're the best!<\/p><div class=\"d-flex\"><span class=\"align-self-center pix-circle pix-bg-custom bg-gradient-primary circle-48 animate-in shadow-sm\"  data-anim-type=\"fade-in-left\" data-anim-delay=\"200\"><img decoding=\"async\" src=\"https:\/\/essentials.pixfort.com\/restaurant\/wp-content\/uploads\/sites\/17\/2020\/06\/thumbnail-person-2.jpg\" class=\"rounded-circle\" alt=\"\" \/><\/span><div class=\"align-self-center\"><div class=\"card-title  mb-0 pix-mx-20 font-weight-bold text-body-default\" >Feb 2024<\/div><\/div><\/div><\/div><\/div><\/div><\/div><div class=\"pix-content-box card      vc_custom_1689362425236    rounded-10 shadow shadow-hover fly-sm animate-in bg-white w-100\"  data-anim-type=\"fade-in-up\" data-anim-delay=\"200\"><div class=\"\" style=\"z-index:30;position:relative;\"><div class=\"card pix-p-10 rounded-10\"><div class=\"card-body\"><p class=\"card-text  text-body-default text-18\" >Just a really positive staff and answer questions well, and a great visit. This is how it should be with a doctor. I was very happy with everything.<\/p><div class=\"d-flex\"><span class=\"align-self-center pix-circle pix-bg-custom bg-gradient-primary circle-48 animate-in shadow-sm\"  data-anim-type=\"fade-in-left\" data-anim-delay=\"200\"><img decoding=\"async\" src=\"https:\/\/essentials.pixfort.com\/restaurant\/wp-content\/uploads\/sites\/17\/2020\/06\/thumbnail-person-2.jpg\" class=\"rounded-circle\" alt=\"\" \/><\/span><div class=\"align-self-center\"><div class=\"card-title  mb-0 pix-mx-20 font-weight-bold text-body-default\" >July 2023<\/div><\/div><\/div><\/div><\/div><\/div><\/div><div class=\"pix-content-box card      vc_custom_1709160829321    rounded-10 shadow shadow-hover fly-sm animate-in bg-white w-100\"  data-anim-type=\"fade-in-up\" data-anim-delay=\"200\"><div class=\"\" style=\"z-index:30;position:relative;\"><div class=\"card pix-p-10 rounded-10\"><div class=\"card-body\"><p class=\"card-text  text-body-default text-18\" >My visit at the dental office was pleasant. The staff and faculty always greet me with a warm smile! I am grateful and appreciate all the work that has been done for me. Thanks again!<\/p><div class=\"d-flex\"><span class=\"align-self-center pix-circle pix-bg-custom bg-gradient-primary circle-48 animate-in shadow-sm\"  data-anim-type=\"fade-in-left\" data-anim-delay=\"200\"><img decoding=\"async\" src=\"https:\/\/essentials.pixfort.com\/restaurant\/wp-content\/uploads\/sites\/17\/2020\/06\/thumbnail-person-2.jpg\" class=\"rounded-circle\" alt=\"\" \/><\/span><div class=\"align-self-center\"><div class=\"card-title  mb-0 pix-mx-20 font-weight-bold text-body-default\" >Junio 2023<\/div><\/div><\/div><\/div><\/div><\/div><\/div><div class=\"pix-content-box card      vc_custom_1687464652087    rounded-10 shadow shadow-hover fly-sm animate-in bg-white w-100\"  data-anim-type=\"fade-in-up\" data-anim-delay=\"200\"><div class=\"\" style=\"z-index:30;position:relative;\"><div class=\"card pix-p-10 rounded-10\"><div class=\"card-body\"><p class=\"card-text  text-body-default text-18\" >Todo fue incre\u00edble. La Dra. Heshmati y su personal se han ocupado de mis hijos durante muchos a\u00f1os.<\/p><div class=\"d-flex\"><span class=\"align-self-center pix-circle pix-bg-custom bg-gradient-primary circle-48 animate-in shadow-sm\"  data-anim-type=\"fade-in-left\" data-anim-delay=\"200\"><img decoding=\"async\" src=\"https:\/\/essentials.pixfort.com\/restaurant\/wp-content\/uploads\/sites\/17\/2020\/06\/thumbnail-person-2.jpg\" class=\"rounded-circle\" alt=\"\" \/><\/span><div class=\"align-self-center\"><div class=\"card-title  mb-0 pix-mx-20 font-weight-bold text-body-default\" >Mayo 2023<\/div><\/div><\/div><\/div><\/div><\/div><\/div><\/div><\/div><\/div><\/div><div class=\"vc_row-full-width vc_clearfix\"><\/div><div class=\"vc_row wpb_row vc_row-fluid vc_row_visible vc_row-o-content-top vc_row-flex\"><div class=\"wpb_column vc_column_container vc_col-sm-4 text-left\"><div class=\"vc_column-inner\"><div class=\"wpb_wrapper\"><div class=\"pix-content-box card      vc_custom_1689362676703    rounded-10 shadow shadow-hover fly-sm animate-in bg-white w-100\"  data-anim-type=\"fade-in-up\" data-anim-delay=\"400\"><div class=\"\" style=\"z-index:30;position:relative;\"><div class=\"card pix-p-10 rounded-10\"><div class=\"card-body\"><p class=\"card-text  text-body-default text-18\" >I love Dr. Rose as my general practitioner. The staff is friendly and competent. The location is great and the parking lot is perfect because it\u2019s right next to the office -- no need for parking validation, no long walk or elevator ride like so many of my past Doctor offices.<\/p><div class=\"d-flex\"><span class=\"align-self-center pix-circle pix-bg-custom bg-gradient-primary circle-48 animate-in shadow-sm\"  data-anim-type=\"fade-in-left\" data-anim-delay=\"200\"><img decoding=\"async\" src=\"https:\/\/essentials.pixfort.com\/restaurant\/wp-content\/uploads\/sites\/17\/2020\/06\/thumbnail-person-1.jpg\" class=\"rounded-circle\" alt=\"\" \/><\/span><div class=\"align-self-center\"><div class=\"card-title  mb-0 pix-mx-20 font-weight-bold text-body-default\" >July 2023<\/div><\/div><\/div><\/div><\/div><\/div><\/div><div class=\"pix-content-box card      vc_custom_1675296502831    rounded-10 shadow shadow-hover fly-sm animate-in bg-white w-100\"  data-anim-type=\"fade-in-up\" data-anim-delay=\"800\"><div class=\"\" style=\"z-index:30;position:relative;\"><div class=\"card pix-p-10 rounded-10\"><div class=\"card-body\"><p class=\"card-text  text-body-default text-18\" >S\u00f3lo he tenido experiencias positivas con el personal de Celebrating Life Community Health Center. \u00a1Ellos van m\u00e1s all\u00e1 para asegurarse de satisfacer nuestras necesidades!<\/p><div class=\"d-flex\"><span class=\"align-self-center pix-circle pix-bg-custom bg-gradient-primary circle-48 animate-in shadow-sm\"  data-anim-type=\"fade-in-left\" data-anim-delay=\"200\"><img decoding=\"async\" src=\"https:\/\/essentials.pixfort.com\/restaurant\/wp-content\/uploads\/sites\/17\/2020\/06\/thumbnail-person-5.jpg\" class=\"rounded-circle\" alt=\"\" \/><\/span><div class=\"align-self-center\"><div class=\"card-title  mb-0 pix-mx-20 font-weight-bold text-body-default\" >Oct. 2022<\/div><\/div><\/div><\/div><\/div><\/div><\/div><\/div><\/div><\/div><div class=\"wpb_column vc_column_container vc_col-sm-4 text-left\"><div class=\"vc_column-inner\"><div class=\"wpb_wrapper\"><div class=\"pix-content-box card      vc_custom_1689362729168    rounded-10 shadow shadow-hover fly-sm animate-in bg-white w-100\"  data-anim-type=\"fade-in-up\" data-anim-delay=\"200\"><div class=\"\" style=\"z-index:30;position:relative;\"><div class=\"card pix-p-10 rounded-10\"><div class=\"card-body\"><p class=\"card-text  text-body-default text-18\" >The lobby was very nice, neat and well organized. I was greatly very promptly by the young lady working the desk. She offered me a seat and I enjoyed some music. I waited less than 5 minutes in the lobby and was taken back to my exam room. The tech was very sweet and made conversation with me while she prepared the room for the doctor. Exam room was neat, tidy and appeared in excellent order. After a less than 5 minute wait, the doctor came in to meet with me and begin my procedure. I was comfortable, relaxed and experienced little to no pain or discomfort. Prior to leaving, I was provided with all referral info that I need for a specialist visit. I was in &amp; out in under an hour! Definitely would recommend.<\/p><div class=\"d-flex\"><span class=\"align-self-center pix-circle pix-bg-custom bg-gradient-primary circle-48 animate-in shadow-sm\"  data-anim-type=\"fade-in-left\" data-anim-delay=\"200\"><img decoding=\"async\" src=\"https:\/\/essentials.pixfort.com\/restaurant\/wp-content\/uploads\/sites\/17\/2020\/06\/thumbnail-person-2.jpg\" class=\"rounded-circle\" alt=\"\" \/><\/span><div class=\"align-self-center\"><div class=\"card-title  mb-0 pix-mx-20 font-weight-bold text-body-default\" >Junio 2023<\/div><\/div><\/div><\/div><\/div><\/div><\/div><\/div><\/div><\/div><div class=\"wpb_column vc_column_container vc_col-sm-4 text-left\"><div class=\"vc_column-inner\"><div class=\"wpb_wrapper\"><div class=\"pix-content-box card      vc_custom_1675296456028    rounded-10 shadow shadow-hover fly-sm animate-in bg-white w-100\"  data-anim-type=\"fade-in-up\" data-anim-delay=\"200\"><div class=\"\" style=\"z-index:30;position:relative;\"><div class=\"card pix-p-10 rounded-10\"><div class=\"card-body\"><p class=\"card-text  text-body-default text-18\" >Todas mis necesidades fueron satisfechas y el personal fue amable y est\u00e1 bien capacitado; sent\u00ed que me cuidaban y me tranquilic\u00e9 mucho despu\u00e9s de descubrir que puedo atender todas mis necesidades en un solo lugar: m\u00e9dicas, dentales y de salud mental... \u00a1Es raro encontrar tal comodidad!<\/p><div class=\"d-flex\"><span class=\"align-self-center pix-circle pix-bg-custom bg-gradient-primary circle-48 animate-in shadow-sm\"  data-anim-type=\"fade-in-left\" data-anim-delay=\"200\"><img decoding=\"async\" src=\"https:\/\/essentials.pixfort.com\/restaurant\/wp-content\/uploads\/sites\/17\/2020\/06\/thumbnail-person-2.jpg\" class=\"rounded-circle\" alt=\"\" \/><\/span><div class=\"align-self-center\"><div class=\"card-title  mb-0 pix-mx-20 font-weight-bold text-body-default\" >Dic. 2022<\/div><\/div><\/div><\/div><\/div><\/div><\/div><div class=\"pix-content-box card      vc_custom_1675296530563    rounded-10 shadow shadow-hover fly-sm animate-in bg-white w-100\"  data-anim-type=\"fade-in-up\" data-anim-delay=\"600\"><div class=\"\" style=\"z-index:30;position:relative;\"><div class=\"card pix-p-10 rounded-10\"><div class=\"card-body\"><p class=\"card-text  text-body-default text-18\" >Soy un nuevo paciente aqu\u00ed y la atenci\u00f3n que me brindaron fue excelente. No he sentido o recibido la misma atenci\u00f3n en ning\u00fan otro lugar. \u00a1Estoy feliz de estar aqu\u00ed y de venir a mis futuras citas a este centro!<\/p><div class=\"d-flex\"><span class=\"align-self-center pix-circle pix-bg-custom bg-gradient-primary circle-48 animate-in shadow-sm\"  data-anim-type=\"fade-in-left\" data-anim-delay=\"200\"><img decoding=\"async\" src=\"https:\/\/essentials.pixfort.com\/restaurant\/wp-content\/uploads\/sites\/17\/2020\/06\/thumbnail-person-4.jpg\" class=\"rounded-circle\" alt=\"\" \/><\/span><div class=\"align-self-center\"><div class=\"card-title  mb-0 pix-mx-20 font-weight-bold text-body-default\" >Ago. 2022<\/div><\/div><\/div><\/div><\/div><\/div><\/div><\/div><\/div><\/div><\/div><\/section><div class=\"vc_row-full-width vc_clearfix\"><\/div><\/section>","protected":false},"excerpt":{"rendered":"Patient&#32; Testimonials&#32; War... It happened very suddenly. We heard the echoes of explosions in the night in 2014 when there was conflict in the Donetsk region, but we thought it was far away and would not reach us as it...","protected":false},"author":2,"featured_media":0,"parent":13528,"menu_order":0,"comment_status":"closed","ping_status":"closed","template":"","meta":{"_acf_changed":false,"om_disable_all_campaigns":false,"inline_featured_image":false,"_monsterinsights_skip_tracking":false,"_monsterinsights_sitenote_active":false,"_monsterinsights_sitenote_note":"","_monsterinsights_sitenote_category":0,"_uf_show_specific_survey":0,"_uf_disable_surveys":false,"footnotes":""},"class_list":["post-13535","page","type-page","status-publish","hentry"],"acf":[],"aioseo_notices":[],"featured_image_src":null,"featured_image_src_square":null,"_links":{"self":[{"href":"https:\/\/www.clchc.org\/es\/wp-json\/wp\/v2\/pages\/13535","targetHints":{"allow":["GET"]}}],"collection":[{"href":"https:\/\/www.clchc.org\/es\/wp-json\/wp\/v2\/pages"}],"about":[{"href":"https:\/\/www.clchc.org\/es\/wp-json\/wp\/v2\/types\/page"}],"author":[{"embeddable":true,"href":"https:\/\/www.clchc.org\/es\/wp-json\/wp\/v2\/users\/2"}],"replies":[{"embeddable":true,"href":"https:\/\/www.clchc.org\/es\/wp-json\/wp\/v2\/comments?post=13535"}],"version-history":[{"count":0,"href":"https:\/\/www.clchc.org\/es\/wp-json\/wp\/v2\/pages\/13535\/revisions"}],"up":[{"embeddable":true,"href":"https:\/\/www.clchc.org\/es\/wp-json\/wp\/v2\/pages\/13528"}],"wp:attachment":[{"href":"https:\/\/www.clchc.org\/es\/wp-json\/wp\/v2\/media?parent=13535"}],"curies":[{"name":"wp","href":"https:\/\/api.w.org\/{rel}","templated":true}]}}