{"id":13534,"date":"2023-01-29T16:50:19","date_gmt":"2023-01-29T16:50:19","guid":{"rendered":"https:\/\/www.clchc.org\/?page_id=13534"},"modified":"2025-06-19T22:03:08","modified_gmt":"2025-06-19T22:03:08","slug":"covid-19","status":"publish","type":"page","link":"https:\/\/www.clchc.org\/es\/covid-19\/","title":{"rendered":"COVID-19"},"content":{"rendered":"<section class=\"wpb-content-wrapper\"><section id=\"pix_section_intro\" data-vc-full-width=\"true\" data-vc-full-width-init=\"false\" class=\"vc_section vc_section_visible pix-intro-1 vc_custom_1675430583665 vc_section-has-fill vc_section-o-content-middle vc_section-flex bg-gradient-primary\" data-section-name=\"\"><div class=\"fullpage-container\"><div class=\"pix-intro-img jarallax\" data-jarallax data-speed=\"0.8\"><img decoding=\"async\" loading=\"lazy\" class=\"jarallax-img pix-opacity-2\"  src=\"https:\/\/www.clchc.org\/wp-content\/uploads\/2023\/01\/CareResource-1440-1-1-scaled.jpg\" alt=\"\" \/><\/div><\/div><div class=\"pix-divider pix-bottom-divider\" data-style=\"style-dynamic\" style=\"bottom:-1px;\"><div class=\"pix-dividers-box\" >\n                    <svg class=\"pix-shape-dividers\"  viewbox=\"0 0 100 100\" preserveaspectratio=\"none\">\n                        <defs><lineargradient id=\"divider-pix_section_intro-bottom-overlay-color-0\" x1=\"0%\" y1=\"0%\" x2=\"100%\" y2=\"0%\"><stop offset=\"0%\"   stop-color=\"rgba(255,255,255,0.5)\"\/><stop offset=\"100%\"   stop-color=\"rgba(255,255,255,0.01)\"\/><\/lineargradient><lineargradient id=\"divider-pix_section_intro-bottom-overlay-color-1\" x1=\"0%\" y1=\"0%\" x2=\"100%\" y2=\"0%\"><stop offset=\"0%\"   stop-color=\"rgba(255,255,255,0.01)\"\/><stop offset=\"100%\"   stop-color=\"rgba(255,255,255,0.45)\"\/><\/lineargradient><\/defs><path d=\"\" class=\"\" fill=\"url(#divider-pix_section_intro-bottom-overlay-color-0)\"><\/path><path d=\"\" class=\"\" fill=\"url(#divider-pix_section_intro-bottom-overlay-color-1)\"><\/path><path d=\"\" class=\"\" fill=\"#ffffff\"><\/path>\n                    <\/svg>\n                <\/div><\/div><div class=\"vc_row wpb_row vc_row-fluid vc_row_visible vc_custom_1600954572083\"><div class=\"wpb_column vc_column_container vc_col-sm-12 text-center\"><div class=\"vc_column-inner  vc_custom_1591253096968\"><div class=\"wpb_wrapper\"><div id=\"el1674754285622-db3d3eb5-03cd\" class=\"mb-3 text-center  vc_custom_1690223950544\"><div class=\"d-inline-block\" style=\"max-width:700px;\"><h1 class=\"mb-32 pix-sliding-headline-2 animate-in font-weight-bold secondary-font\" data-anim-type=\"pix-sliding-text\" pix-anim-delay=\"500\" data-class=\"secondary-font text-white\" style=\"\"><span class=\"slide-in-container\"><span class=\"pix-sliding-item secondary-font text-white\" style=\"transition-delay: 0ms;\">COVID-19\r\nRESOURCES&#32;<\/span><\/span> <\/h1><\/div><\/div><\/div><\/div><\/div><\/div><\/section><div class=\"vc_row-full-width vc_clearfix\"><\/div><section id=\"pix_section_features\" data-vc-full-width=\"true\" data-vc-full-width-init=\"false\" class=\"vc_section community-blocks vc_section_visible pix_section_features vc_custom_1675431009446 vc_section-has-fill\" data-section-name=\"\"><div class=\"vc_row wpb_row vc_row-fluid vc_row_visible custom-responsive-51958718 vc_custom_1675430575265\"><div class=\"wpb_column vc_column_container vc_col-sm-12 text-left\"><div class=\"vc_column-inner\"><div class=\"wpb_wrapper\"><div id=\"el1674768900645-ff41183d-2768\" class=\"mb-3 text-center  vc_custom_1750370239704\"><div class=\"d-inline-block\" style=\"max-width:600px;\"><h2 class=\"mb-32 pix-sliding-headline-2 animate-in secondary-font\" data-anim-type=\"pix-sliding-text\" pix-anim-delay=\"500\" data-class=\"secondary-font \" style=\"color:#0c2340;\"><span class=\"slide-in-container\"><span class=\"pix-sliding-item secondary-font\" style=\"transition-delay: 0ms;\">COVID-19&#32;<\/span><\/span> <span class=\"slide-in-container\"><span class=\"pix-sliding-item secondary-font\" style=\"transition-delay: 150ms;\">Covid19 disponibles<\/span><\/span> <\/h2><\/div><\/div><\/div><\/div><\/div><\/div><div class=\"vc_row wpb_row vc_row-fluid vc_row_visible custom-responsive-44413131 vc_custom_1675429621361 vc_row-o-equal-height vc_row-o-content-top vc_row-flex\"><div class=\"wpb_column vc_column_container vc_col-sm-4 text-left\"><div class=\"vc_column-inner custom-responsive-197954674 vc_custom_1675429598332\"><div class=\"wpb_wrapper\"><div class=\"pix-content-box card      vc_custom_1675431228090    rounded-10 shadow-sm shadow-hover bg- text-left  w-100\"   ><div class=\"\" style=\"z-index:30;position:relative;\"><h3 style=\"font-size: 24px;color: #049088;line-height: 28px;text-align: center\" class=\"vc_custom_heading blue-subheader vc_custom_1750370477519\" >FREE COVID-19 Tests Available<\/h3>\n\t<div class=\"wpb_text_column wpb_content_element\" >\n\t\t<div class=\"wpb_wrapper\">\n\t\t\t<p>\u00a1Pregunte a nuestro personal de recepci\u00f3n y reciba una prueba gratuita de Covid-19 hoy mismo!<\/p>\n<h5>COVID-19 Vaccines Available<\/h5>\n<p>Solicite una cita con nosotros hoy para obtener su vacuna contra el Covid-19.<\/p>\n\n\t\t<\/div>\n\t<\/div>\n<a  href=\"https:\/\/www.clchc.org\/es\/schedule-an-appointment\/\" class=\"btn mb-2     shadow-hover-sm scale-sm btn-primary d-inline-block      btn-md\" target=\"_blank\" rel=\"noopener\"    ><span class=\"font-weight-bold\" >Schedule Today<\/span><\/a><\/div><\/div><\/div><\/div><\/div><div class=\"wpb_column vc_column_container vc_col-sm-4 text-left\"><div class=\"vc_column-inner custom-responsive-31815984 vc_custom_1675429581831\"><div class=\"wpb_wrapper\"><div class=\"pix-content-box card      vc_custom_1675431236140    rounded-10 shadow-sm shadow-hover bg- text-left  w-100\"   ><div class=\"\" style=\"z-index:30;position:relative;\"><h3 style=\"font-size: 24px;color: #049088;line-height: 28px;text-align: center\" class=\"vc_custom_heading blue-subheader vc_custom_1677259364416\" >Consulta virtual GRATUITA de COVID-19 para californianos mayores de 12 a\u00f1os<\/h3>\n\t<div class=\"wpb_text_column wpb_content_element\" >\n\t\t<div class=\"wpb_wrapper\">\n\t\t\t<p>Solicite una cita a trav\u00e9s de SesameCare para conectarse con un proveedor de atenci\u00f3n m\u00e9dica GRATUITO que puede recetarle <strong>FREE<\/strong> medicamentos para el COVID-19 si corresponde. Los medicamentos para el COVID-19 (Paxlovid o molnupiravir) son <strong>FREE<\/strong>GRATUITOS. Los medicamentos pueden enviarse por correo o recogerse en la farmacia.<\/p>\n\n\t\t<\/div>\n\t<\/div>\n<a  href=\"https:\/\/sesamecare.com\/covid\" class=\"btn mb-2     shadow-hover-sm scale-sm btn-primary d-inline-block      btn-md\" target=\"_blank\" rel=\"noopener\"    ><span class=\"font-weight-bold\" >SesameCare Appointments<\/span><\/a><div class=\"pix-el-text w-100\" ><p class=\"text-sm  text-body-default  font-italic\" >*Tenga en cuenta que este es un servicio gratuito ofrecido por el Departamento de Salud P\u00fablica de California para ayudar a las personas sin seguro o con cobertura insuficiente en el Estado de California que no pueden contactar con un proveedor de atenci\u00f3n m\u00e9dica en un plazo de 24 horas tras recibir un resultado positivo. Los medicamentos para el COVID-19 deben tomarse en un plazo de 5 a 7 d\u00edas a partir del inicio de los s\u00edntomas para que surtan efecto.<\/p><\/div><\/div><\/div><\/div><\/div><\/div><div class=\"wpb_column vc_column_container vc_col-sm-4 text-left\"><div class=\"vc_column-inner\"><div class=\"wpb_wrapper\"><div class=\"pix-content-box card      vc_custom_1675431245253    rounded-10 shadow-sm shadow-hover bg- text-left  w-100\"   ><div class=\"\" style=\"z-index:30;position:relative;\"><h3 style=\"font-size: 24px;color: #049088;line-height: 28px;text-align: center\" class=\"vc_custom_heading blue-subheader vc_custom_1677259372128\" >Recursos \u00fatiles de COVID-19 en California<\/h3><a  href=\"https:\/\/covid19.ca.gov\/\" class=\"btn mb-2    vc_custom_1675431101401  shadow-hover-sm scale-sm btn-primary d-inline-block      btn-md\" target=\"_blank\" rel=\"noopener\"    ><span class=\"font-weight-bold\" >RECUENTOS Y RECURSOS SOBRE COVID19<\/span><\/a><a  href=\"https:\/\/covid19.ca.gov\/holidays\/\" class=\"btn mb-2    vc_custom_1675431110535  shadow-hover-sm scale-sm btn-primary d-inline-block      btn-md\" target=\"_blank\" rel=\"noopener\"    ><span class=\"font-weight-bold\" >VACACIONES Y SEGURIDAD FRENTE AL COVID19<\/span><\/a><a  href=\"https:\/\/www.cnn.com\/resources\/coronavirus-information\" class=\"btn mb-2     shadow-hover-sm scale-sm btn-primary d-inline-block      btn-md\" target=\"_blank\" rel=\"noopener\"    ><span class=\"font-weight-bold\" >SEGUIMIENTO DE COVID19 EN SU ZONA<\/span><\/a><\/div><\/div><\/div><\/div><\/div><\/div><\/section><div class=\"vc_row-full-width vc_clearfix\"><\/div><\/section>","protected":false},"excerpt":{"rendered":"COVID-19 RESOURCES&#32; COVID-19&#32; Resources&#32; FREE COVID-19 Tests Available Ask our front desk staff and receive a free Covid-19 test today! COVID-19 Vaccines Available Schedule an appointment with us today to get your Covid19 vaccination. Schedule TodayFREE Virtual COVID-19 Visit for...","protected":false},"author":2,"featured_media":0,"parent":0,"menu_order":0,"comment_status":"closed","ping_status":"closed","template":"","meta":{"_acf_changed":false,"om_disable_all_campaigns":false,"inline_featured_image":false,"_monsterinsights_skip_tracking":false,"_monsterinsights_sitenote_active":false,"_monsterinsights_sitenote_note":"","_monsterinsights_sitenote_category":0,"_uf_show_specific_survey":0,"_uf_disable_surveys":false,"footnotes":""},"class_list":["post-13534","page","type-page","status-publish","hentry"],"acf":[],"aioseo_notices":[],"featured_image_src":null,"featured_image_src_square":null,"_links":{"self":[{"href":"https:\/\/www.clchc.org\/es\/wp-json\/wp\/v2\/pages\/13534","targetHints":{"allow":["GET"]}}],"collection":[{"href":"https:\/\/www.clchc.org\/es\/wp-json\/wp\/v2\/pages"}],"about":[{"href":"https:\/\/www.clchc.org\/es\/wp-json\/wp\/v2\/types\/page"}],"author":[{"embeddable":true,"href":"https:\/\/www.clchc.org\/es\/wp-json\/wp\/v2\/users\/2"}],"replies":[{"embeddable":true,"href":"https:\/\/www.clchc.org\/es\/wp-json\/wp\/v2\/comments?post=13534"}],"version-history":[{"count":0,"href":"https:\/\/www.clchc.org\/es\/wp-json\/wp\/v2\/pages\/13534\/revisions"}],"wp:attachment":[{"href":"https:\/\/www.clchc.org\/es\/wp-json\/wp\/v2\/media?parent=13534"}],"curies":[{"name":"wp","href":"https:\/\/api.w.org\/{rel}","templated":true}]}}